{"id":212,"date":"2018-02-09T12:30:05","date_gmt":"2018-02-09T12:30:05","guid":{"rendered":"http:\/\/tourism.aticcloud.com\/home\/"},"modified":"2019-11-27T11:53:10","modified_gmt":"2019-11-27T11:53:10","slug":"home","status":"publish","type":"page","link":"https:\/\/www.inclusivetourismproject.com\/sl\/","title":{"rendered":"Home"},"content":{"rendered":"<div class=\"vce-row-container\"><div class=\"vce-row vce-element--has-background vce-row--col-gap-30 vce-row-columns--bottom vce-row-content--middle\" data-vce-full-width=\"true\" id=\"el-87f6e586\" data-vce-do-apply=\"all el-87f6e586\" style=\"width: 1433px; left: -146.5px;\"><div class=\"vce-content-background-container\"><div class=\"vce-asset-background-slider-container vce-visible-all-only vce-asset-background-slider--style-cover vce-asset-background-slider--position-center-center\"><div class=\"vce-asset-background-slider\" data-vce-assets-slider=\"10\" data-vce-assets-slider-effect=\"fade\" data-vce-assets-slider-slides=\".vce-asset-background-slider-items\" data-vce-assets-slider-slide=\".vce-asset-background-slider-item\"><div class=\"vce-asset-background-slider-items\"><div class=\"vce-asset-background-slider-item\" style=\"background-image:url(https:\/\/www.inclusivetourismproject.com\/wp-content\/uploads\/2018\/02\/52323846_l.jpg)\"><\/div><\/div><\/div><\/div><div class=\"vce-asset-color-gradient-container vce-visible-all-only\" data-vce-do-apply=\"gradient el-87f6e586\"><\/div><\/div><div class=\"vce-row-content\" data-vce-element-content=\"true\" style=\"padding-left: 146.5px; padding-right: 146.5px;\"><div class=\"vce-col vce-col--md-auto vce-col--xs-1 vce-col--xs-last vce-col--xs-first vce-col--sm-last vce-col--sm-first vce-col--md-last vce-col--lg-last vce-col--xl-last vce-col--md-first vce-col--lg-first vce-col--xl-first\" id=\"el-17fc9182\" data-vce-do-apply=\"background border el-17fc9182\"><div class=\"vce-content-background-container\"><\/div><div class=\"vce-col-inner\" data-vce-element-content=\"true\" data-vce-do-apply=\"padding margin  el-17fc9182\"><div class=\"vce-col-content\"><div class=\"vce-google-fonts-heading vce-google-fonts-heading--align-center vce-google-fonts-heading--color-b-255-255-255--45--5C00FF--FF7200\"><div class=\"vce-google-fonts-heading-wrapper\"><div class=\"vce-google-fonts-heading--background vce\" id=\"el-1af6e308\" data-vce-do-apply=\"border background  padding margin el-1af6e308\"><h2 class=\"vce-google-fonts-heading-inner\" style=\"font-size: 7vw; font-family: Abel; font-weight: 400;\">INKLUZIVNI TURIZEM<\/h2><\/div><\/div><\/div><div class=\"vce-text-block\"><div class=\"vce-text-block-wrapper vce\" id=\"el-4c5a610e\" data-vce-do-apply=\"all el-4c5a610e\"><p style=\"text-align: center;\"><span style=\"color: #ffffff; font-size: 18px;\">INKLUZIVNI TURIZEM smo pri\u010deli z glavnim ciljem pove\u010danja usposobljenosti oseb s posebnimi potrebami in strokovnjakov v sektorju turizma za izbolj\u0161anje zaposljivosti oseb s  posebnimi potrebami v sektorju vklju\u010dujo\u010dega in dostopnega turizma.<\/span><\/p><\/div><\/div><div class=\"vce-button--style-basic-container vce-button--style-basic-container--align-center\"><span class=\"vce-button--style-basic-wrapper vce\" id=\"el-b6198ab5\" data-vce-do-apply=\"margin el-b6198ab5\"><a class=\"vce-button--style-basic vce-button--style-basic--border-round vce-button--style-basic--size-medium vce-button--style-basic--color-b-11-85-110--fff\" href=\"https:\/\/www.inclusivetourismproject.com\/project\/\" title=\"\" data-vce-do-apply=\"padding border background  el-b6198ab5\">Projekt<\/a><\/span><\/div><\/div><\/div><\/div><\/div><\/div><\/div><div class=\"vce-row-container\"><div class=\"vce-row vce-row--col-gap-30 vce-row-no-paddings vce-row-columns--top vce-row-content--top\" data-vce-full-width=\"true\" data-vce-stretch-content=\"true\" id=\"el-85db1fe3\" data-vce-do-apply=\"all el-85db1fe3\" style=\"width: 1433px; left: -146.5px;\"><div class=\"vce-row-content\" data-vce-element-content=\"true\"><div class=\"vce-col vce-col--md-auto vce-col--xs-1 vce-col--xs-last vce-col--xs-first vce-col--sm-last vce-col--sm-first vce-col--md-last vce-col--lg-last vce-col--xl-last vce-col--md-first vce-col--lg-first vce-col--xl-first\" id=\"el-62e29a60\" data-vce-do-apply=\"background border el-62e29a60\"><div class=\"vce-col-inner\" data-vce-element-content=\"true\" data-vce-do-apply=\"padding margin  el-62e29a60\"><section class=\"vce-feature-section-container vce-feature-section-media--xs\"><div class=\"vce vce-feature-section vce-feature-section--min-height vce-feature-section--reverse\" id=\"el-3778de52\" data-vce-do-apply=\"margin background border  el-3778de52\"><div class=\"vce-feature-section-image vce-feature-section-image--alignment-right vce-feature-section-image--background-position-center-center\" style=\"background-image: url('https:\/\/www.inclusivetourismproject.com\/wp-content\/uploads\/2018\/06\/ciego-andando-S.jpg');\"><\/div><div class=\"vce-feature-section-content vce-feature-section-background-color--b-11-85-110\"><div class=\"vce-feature-section-content-container\" data-vce-do-apply=\"padding el-3778de52\"><div class=\"vce-feature-section-description\"><h2><span style=\"color: #ffffff;\">\nNa\u0161i partneri<\/span><\/h2>\nINCLUSIVE TOURISM is implemented by an international Consortium,\nincluding Chamber of Commerce of Valencia and AMICA (Spain); CERCIGUI\nand PERFIL (Portugal); CUDV DRAGA and Chamber of Commerce and Industry\nof Slovenia - Institute for Business Education (Slovenia)<\/div><div class=\"vce-button--style-outline-container vce-button--style-outline-container--align-left\"><span class=\"vce-button--style-outline-wrapper vce\" id=\"el-57754774\" data-vce-do-apply=\"margin el-57754774\"><a class=\"vce-button--style-outline-animated vce-button--style-outline--border-round vce-button--style-outline--size-medium vce-button--style-outline-animated--color-b-255-255-255--fff--3d3d3d vce-button--style-outline-animated--border-color-b-255-255-255--3d3d3d vce-button--style-outline-animated--background-color-b-59-137-163\" href=\"https:\/\/www.inclusivetourismproject.com\/partners\/\" title=\"\" data-vce-do-apply=\"padding border background  el-57754774\"><span class=\"vce-button--style-outline-text\">Pre\u010d\u00edtajte si viac<\/span><\/a><\/span><\/div><\/div><\/div><\/div><\/section><\/div><\/div><\/div><\/div><\/div><div class=\"vce-row-container\"><div class=\"vce-row vce-row--col-gap-30 vce-row-no-paddings vce-row-columns--top vce-row-content--top\" data-vce-full-width=\"true\" data-vce-stretch-content=\"true\" id=\"el-836dd114\" data-vce-do-apply=\"all el-836dd114\" style=\"width: 1433px; left: -146.5px;\"><div class=\"vce-row-content\" data-vce-element-content=\"true\"><div class=\"vce-col vce-col--md-auto vce-col--xs-1 vce-col--xs-last vce-col--xs-first vce-col--sm-last vce-col--sm-first vce-col--md-last vce-col--lg-last vce-col--xl-last vce-col--md-first vce-col--lg-first vce-col--xl-first\" id=\"el-d5b9bcb7\" data-vce-do-apply=\"background border el-d5b9bcb7\"><div class=\"vce-col-inner\" data-vce-element-content=\"true\" data-vce-do-apply=\"padding margin  el-d5b9bcb7\"><section class=\"vce-feature-section-container vce-feature-section-media--xs\"><div class=\"vce vce-feature-section vce-feature-section--min-height\" id=\"el-c1721011\" data-vce-do-apply=\"margin background border  el-c1721011\"><div class=\"vce-feature-section-image vce-feature-section-image--alignment-left vce-feature-section-image--background-position-center-center\" style=\"background-image: url('https:\/\/www.inclusivetourismproject.com\/wp-content\/uploads\/2018\/05\/press-release.jpg');\"><\/div><div class=\"vce-feature-section-content vce-feature-section-background-color--b-59-137-163\"><div class=\"vce-feature-section-content-container\" data-vce-do-apply=\"padding el-c1721011\"><div class=\"vce-feature-section-description\"><h2><span style=\"color: #ffffff;\">Spr\u00e1vy<\/span><\/h2>\nThe European project \u201cINCLUSIVE TOURISM\u201d organizes Co-Creation Sessions with Persons with Disabilities and Professionals of the Tourism Sector<\/div><div class=\"vce-button--style-outline-container vce-button--style-outline-container--align-left\"><span class=\"vce-button--style-outline-wrapper vce\" id=\"el-5ec33524\" data-vce-do-apply=\"margin el-5ec33524\"><a class=\"vce-button--style-outline-animated vce-button--style-outline--border-round vce-button--style-outline--size-medium vce-button--style-outline-animated--color-b-255-255-255--fff--3d3d3d vce-button--style-outline-animated--border-color-b-255-255-255--3d3d3d vce-button--style-outline-animated--background-color-b-11-85-110\" href=\"https:\/\/www.inclusivetourismproject.com\/news\/\" title=\"\" data-vce-do-apply=\"padding border background  el-5ec33524\"><span class=\"vce-button--style-outline-text\">Pre\u010d\u00edtajte si viac<\/span><\/a><\/span><\/div><\/div><\/div><\/div><\/section><\/div><\/div><\/div><\/div><\/div><div class=\"vce-row-container\"><div class=\"vce-row vce-row--col-gap-30 vce-row-columns--top vce-row-content--top\" id=\"el-fc776a8a\" data-vce-do-apply=\"all el-fc776a8a\"><div class=\"vce-row-content\" data-vce-element-content=\"true\"><div class=\"vce-col vce-col--md-auto vce-col--xs-1 vce-col--xs-last vce-col--xs-first vce-col--sm-last vce-col--sm-first vce-col--md-last vce-col--lg-last vce-col--xl-last vce-col--md-first vce-col--lg-first vce-col--xl-first\" id=\"el-5e9ec519\" data-vce-do-apply=\"background border el-5e9ec519\"><div class=\"vce-col-inner\" data-vce-element-content=\"true\" data-vce-do-apply=\"padding margin  el-5e9ec519\"><\/div><\/div><\/div><\/div><\/div><div class=\"vce-row-container\"><div class=\"vce-row vce-row--col-gap-30 vce-row-columns--top vce-row-content--top\" id=\"el-a30916e4\" data-vce-do-apply=\"all el-a30916e4\"><div class=\"vce-row-content\" data-vce-element-content=\"true\"><div class=\"vce-col vce-col--md-auto vce-col--xs-1 vce-col--xs-last vce-col--xs-first vce-col--sm-last vce-col--sm-first vce-col--md-last vce-col--lg-last vce-col--xl-last vce-col--md-first vce-col--lg-first vce-col--xl-first\" id=\"el-16ce6f3d\" data-vce-do-apply=\"background border el-16ce6f3d\"><div class=\"vce-col-inner\" data-vce-element-content=\"true\" data-vce-do-apply=\"padding margin  el-16ce6f3d\"><div class=\"vce vce-separator-with-title-container vce-separator-with-title--align-center\" id=\"el-bafc86b3\" data-vce-do-apply=\"margin el-bafc86b3\"><div class=\"vce-separator-with-title vce-separator-with-title--color-ba-191-192-193-0-41 vce-separator-with-title--width-35\" data-vce-do-apply=\"border padding background  el-bafc86b3\"><div class=\"vce-separator-with-title--line vce-separator-with-title--line--style-solid vce-separator-with-title-line--thickness-2 vce-separator-with-title--line-left\"><\/div><h3 class=\"vce-separator-with-title--title vce-separator-with-title--title--color-b-15-83-143\">INKLUZIVNI TURIZEM<\/h3><div class=\"vce-separator-with-title--line vce-separator-with-title--line--style-solid vce-separator-with-title-line--thickness-2 vce-separator-with-title--line-right\"><\/div><\/div><\/div><\/div><\/div><\/div><\/div><\/div>\n","protected":false},"excerpt":{"rendered":"<p>INKLUZIVNI TURIZEMINKLUZIVNI TURIZEM smo pri\u010deli z glavnim ciljem pove\u010danja usposobljenosti oseb s posebnimi potrebami in strokovnjakov v sektorju turizma za izbolj\u0161anje zaposljivosti oseb s posebnimi potrebami v sektorju vklju\u010dujo\u010dega in dostopnega turizma.Projekt Na\u0161i partneri INCLUSIVE TOURISM is implemented by an international Consortium, including Chamber of Commerce of Valencia and AMICA (Spain); CERCIGUI and PERFIL (Portugal); [&hellip;]<\/p>\n","protected":false},"author":1,"featured_media":0,"parent":0,"menu_order":0,"comment_status":"closed","ping_status":"closed","template":"","meta":{"footnotes":""},"class_list":["post-212","page","type-page","status-publish","hentry"],"yoast_head":"<!-- This site is optimized with the Yoast SEO plugin v27.3 - https:\/\/yoast.com\/product\/yoast-seo-wordpress\/ -->\n<title>Home - Inclusive Tourism<\/title>\n<meta name=\"robots\" content=\"index, follow, max-snippet:-1, max-image-preview:large, max-video-preview:-1\" \/>\n<link rel=\"canonical\" href=\"https:\/\/www.inclusivetourismproject.com\/sl\/\" \/>\n<meta property=\"og:locale\" content=\"sl_SI\" \/>\n<meta property=\"og:type\" content=\"article\" \/>\n<meta property=\"og:title\" content=\"Home - Inclusive Tourism\" \/>\n<meta property=\"og:description\" content=\"INKLUZIVNI TURIZEMINKLUZIVNI TURIZEM smo pri\u010deli z glavnim ciljem pove\u010danja usposobljenosti oseb s posebnimi potrebami in strokovnjakov v sektorju turizma za izbolj\u0161anje zaposljivosti oseb s posebnimi potrebami v sektorju vklju\u010dujo\u010dega in dostopnega turizma.Projekt Na\u0161i partneri INCLUSIVE TOURISM is implemented by an international Consortium, including Chamber of Commerce of Valencia and AMICA (Spain); CERCIGUI and PERFIL (Portugal); [&hellip;]\" \/>\n<meta property=\"og:url\" content=\"https:\/\/www.inclusivetourismproject.com\/sl\/\" \/>\n<meta property=\"og:site_name\" content=\"Inclusive Tourism\" \/>\n<meta property=\"article:modified_time\" content=\"2019-11-27T11:53:10+00:00\" \/>\n<meta name=\"twitter:card\" content=\"summary_large_image\" \/>\n<meta name=\"twitter:label1\" content=\"Est. reading time\" \/>\n\t<meta name=\"twitter:data1\" content=\"1 minuta\" \/>\n<script type=\"application\/ld+json\" class=\"yoast-schema-graph\">{\"@context\":\"https:\\\/\\\/schema.org\",\"@graph\":[{\"@type\":\"WebPage\",\"@id\":\"https:\\\/\\\/www.inclusivetourismproject.com\\\/sl\\\/\",\"url\":\"https:\\\/\\\/www.inclusivetourismproject.com\\\/sl\\\/\",\"name\":\"Home - Inclusive Tourism\",\"isPartOf\":{\"@id\":\"https:\\\/\\\/www.inclusivetourismproject.com\\\/#website\"},\"datePublished\":\"2018-02-09T12:30:05+00:00\",\"dateModified\":\"2019-11-27T11:53:10+00:00\",\"breadcrumb\":{\"@id\":\"https:\\\/\\\/www.inclusivetourismproject.com\\\/sl\\\/#breadcrumb\"},\"inLanguage\":\"sl-SI\",\"potentialAction\":[{\"@type\":\"ReadAction\",\"target\":[\"https:\\\/\\\/www.inclusivetourismproject.com\\\/sl\\\/\"]}]},{\"@type\":\"BreadcrumbList\",\"@id\":\"https:\\\/\\\/www.inclusivetourismproject.com\\\/sl\\\/#breadcrumb\",\"itemListElement\":[{\"@type\":\"ListItem\",\"position\":1,\"name\":\"Portada\",\"item\":\"https:\\\/\\\/www.inclusivetourismproject.com\\\/sl\\\/\"},{\"@type\":\"ListItem\",\"position\":2,\"name\":\"Home\"}]},{\"@type\":\"WebSite\",\"@id\":\"https:\\\/\\\/www.inclusivetourismproject.com\\\/#website\",\"url\":\"https:\\\/\\\/www.inclusivetourismproject.com\\\/\",\"name\":\"Inclusive Tourism\",\"description\":\"Inclusive Tourism\",\"potentialAction\":[{\"@type\":\"SearchAction\",\"target\":{\"@type\":\"EntryPoint\",\"urlTemplate\":\"https:\\\/\\\/www.inclusivetourismproject.com\\\/?s={search_term_string}\"},\"query-input\":{\"@type\":\"PropertyValueSpecification\",\"valueRequired\":true,\"valueName\":\"search_term_string\"}}],\"inLanguage\":\"sl-SI\"}]}<\/script>\n<!-- \/ Yoast SEO plugin. -->","yoast_head_json":{"title":"Home - Inclusive Tourism","robots":{"index":"index","follow":"follow","max-snippet":"max-snippet:-1","max-image-preview":"max-image-preview:large","max-video-preview":"max-video-preview:-1"},"canonical":"https:\/\/www.inclusivetourismproject.com\/sl\/","og_locale":"sl_SI","og_type":"article","og_title":"Home - Inclusive Tourism","og_description":"INKLUZIVNI TURIZEMINKLUZIVNI TURIZEM smo pri\u010deli z glavnim ciljem pove\u010danja usposobljenosti oseb s posebnimi potrebami in strokovnjakov v sektorju turizma za izbolj\u0161anje zaposljivosti oseb s posebnimi potrebami v sektorju vklju\u010dujo\u010dega in dostopnega turizma.Projekt Na\u0161i partneri INCLUSIVE TOURISM is implemented by an international Consortium, including Chamber of Commerce of Valencia and AMICA (Spain); CERCIGUI and PERFIL (Portugal); [&hellip;]","og_url":"https:\/\/www.inclusivetourismproject.com\/sl\/","og_site_name":"Inclusive Tourism","article_modified_time":"2019-11-27T11:53:10+00:00","twitter_card":"summary_large_image","twitter_misc":{"Est. reading time":"1 minuta"},"schema":{"@context":"https:\/\/schema.org","@graph":[{"@type":"WebPage","@id":"https:\/\/www.inclusivetourismproject.com\/sl\/","url":"https:\/\/www.inclusivetourismproject.com\/sl\/","name":"Home - Inclusive Tourism","isPartOf":{"@id":"https:\/\/www.inclusivetourismproject.com\/#website"},"datePublished":"2018-02-09T12:30:05+00:00","dateModified":"2019-11-27T11:53:10+00:00","breadcrumb":{"@id":"https:\/\/www.inclusivetourismproject.com\/sl\/#breadcrumb"},"inLanguage":"sl-SI","potentialAction":[{"@type":"ReadAction","target":["https:\/\/www.inclusivetourismproject.com\/sl\/"]}]},{"@type":"BreadcrumbList","@id":"https:\/\/www.inclusivetourismproject.com\/sl\/#breadcrumb","itemListElement":[{"@type":"ListItem","position":1,"name":"Portada","item":"https:\/\/www.inclusivetourismproject.com\/sl\/"},{"@type":"ListItem","position":2,"name":"Home"}]},{"@type":"WebSite","@id":"https:\/\/www.inclusivetourismproject.com\/#website","url":"https:\/\/www.inclusivetourismproject.com\/","name":"Inclusive Tourism","description":"Inclusive Tourism","potentialAction":[{"@type":"SearchAction","target":{"@type":"EntryPoint","urlTemplate":"https:\/\/www.inclusivetourismproject.com\/?s={search_term_string}"},"query-input":{"@type":"PropertyValueSpecification","valueRequired":true,"valueName":"search_term_string"}}],"inLanguage":"sl-SI"}]}},"_links":{"self":[{"href":"https:\/\/www.inclusivetourismproject.com\/sl\/wp-json\/wp\/v2\/pages\/212","targetHints":{"allow":["GET"]}}],"collection":[{"href":"https:\/\/www.inclusivetourismproject.com\/sl\/wp-json\/wp\/v2\/pages"}],"about":[{"href":"https:\/\/www.inclusivetourismproject.com\/sl\/wp-json\/wp\/v2\/types\/page"}],"author":[{"embeddable":true,"href":"https:\/\/www.inclusivetourismproject.com\/sl\/wp-json\/wp\/v2\/users\/1"}],"replies":[{"embeddable":true,"href":"https:\/\/www.inclusivetourismproject.com\/sl\/wp-json\/wp\/v2\/comments?post=212"}],"version-history":[{"count":5,"href":"https:\/\/www.inclusivetourismproject.com\/sl\/wp-json\/wp\/v2\/pages\/212\/revisions"}],"predecessor-version":[{"id":979,"href":"https:\/\/www.inclusivetourismproject.com\/sl\/wp-json\/wp\/v2\/pages\/212\/revisions\/979"}],"wp:attachment":[{"href":"https:\/\/www.inclusivetourismproject.com\/sl\/wp-json\/wp\/v2\/media?parent=212"}],"curies":[{"name":"wp","href":"https:\/\/api.w.org\/{rel}","templated":true}]}}